{"id":22,"date":"2015-11-28T17:58:43","date_gmt":"2015-11-28T17:58:43","guid":{"rendered":"http:\/\/numclick.com.br\/studiotutzy\/?page_id=22"},"modified":"2016-02-29T23:51:51","modified_gmt":"2016-02-29T23:51:51","slug":"imagem-pessoal","status":"publish","type":"page","link":"https:\/\/studiotutzy.com.br\/index.php\/o-que-fazemos\/imagem-pessoal\/","title":{"rendered":"Imagem Pessoal"},"content":{"rendered":"<div class=\"prod-cont\">\n<div class=\"prod-div\">\n<div id=\"prod-item_1\" class=\"prod-item\">\n<div id=\"prod_item2\" onclick=\"trocatexto(3); trocatitulo(3); jQuery('html, body').animate({ scrollTop: jQuery('#oquefazemos').offset().top-100 }, 1000);\"style=\"margin-top: 30%;\">Personal<br \/>\nBranding<\/div>\n<\/div>\n<\/div>\n<div class=\"prod-div\">\n<div id=\"prod-item_2\" class=\"prod-item\">\n<div id=\"prod_item1\" onclick=\"trocatexto(2); trocatitulo(2); jQuery('html, body').animate({ scrollTop: jQuery('#oquefazemos').offset().top-100 }, 1000);\">Coaching<br \/>\nImagem<\/div>\n<\/div>\n<\/div>\n<div class=\"prod-div\">\n<div id=\"prod-item_3\" class=\"prod-item\">\n<div id=\"prod_item3\" onclick=\"trocatexto(8); trocatitulo(8); jQuery('html, body').animate({ scrollTop: jQuery('#oquefazemos').offset().top-100 }, 1000);\">Consultorias<\/div>\n<\/div>\n<\/div>\n<div class=\"prod-div\">\n<div id=\"prod-item_4\" class=\"prod-item\">\n<div id=\"prod_item4\"onclick=\"trocatexto(7); trocatitulo(7); jQuery('html, body').animate({ scrollTop: jQuery('#oquefazemos').offset().top-100 }, 500);\">Counselling<\/div>\n<\/div>\n<\/div>\n<div class=\"prod-div\">\n<div id=\"prod-item_5\" class=\"prod-item\">\n<div id=\"prod_item4\" onclick=\"trocatexto(5); trocatitulo(5); jQuery('html, body').animate({ scrollTop: jQuery('#oquefazemos').offset().top-100 }, 1000);\">Empresas<\/div>\n<\/div>\n<\/div>\n<div class=\"prod-div\">\n<div id=\"prod-item_6\" class=\"prod-item\">\n<div id=\"prod_item3\" onclick=\"trocatexto(4); trocatitulo(4); jQuery('html, body').animate({ scrollTop: jQuery('#oquefazemos').offset().top-100 }, 1000);\">Online<\/div>\n<\/div>\n<\/div>\n<\/div>\n<div id=\"oquefazemos\" class=\"text_personalimage\">\n<div id=\"texto\" class=\"animateblock left\">\n<div id=\"texto-div\">\n<div id=\"conteudo_1\" class=\"blococonteudo\">\n<h2>O Melhor de voc\u00ea mesmo<\/h2>\n<p>Trabalhamos de forma Integral em nossos servi\u00e7os, utilizamos ferramentas do universo criativo do desing e a vis\u00e3o holos sist\u00eamica do Coaching e esse \u00e9 o nosso diferencial.<\/p>\n<p>Tendo como objetivo fazer da Imagem Pessoal uma vantagem competitiva de grande valor e impacto, temos as melhores metodologias nacionais e internacionais* para mapear e desenvolver o conceito da sua marca pessoal.<\/p>\n<p>Poder ser reconhecido pelo o que voc\u00ea realmente \u00e9, \u00e9 a melhor forma de se identificar e conectar com o que faz, com quem se relaciona e com sua vida.<\/p>\n<p><span style=\"font-size: 11px;\">*Coach, formados pela Holos Institute e London Image Institute.<\/span><\/p>\n<\/div>\n<div id=\"conteudo_3\" class=\"blococonteudo\" style=\"display: none;\">\n<h2>PERSONAL BRANDING<\/h2>\n<p>\u00c9 um projeto 360 graus de life e professional mentoring atrav\u00e9s da Imagem, no qual integra autoconhecimento e desenvolvimento pessoal, da sua imagem pessoal ao seu prop\u00f3sito de vida. O objetivo \u00e9 construir a sua marca em sua imagem pessoal.<\/p>\n<p>Mapearemos os elementos que contam a sua hist\u00f3ria e formam a sua identidade, alinhando seu prop\u00f3sito e estilo de vida, apar\u00eancia, comportamento e a sua comunica\u00e7\u00e3o. A partir desta identidade, criaremos uma sinergia para integrar o todo que comp\u00f5e a sua imagem pessoal. <\/p>\n<p>Como resultado, voc\u00ea ter\u00e1 um mapa completo da sua marca, de forma consistente, que ir\u00e1 te guiar por toda a vida. Voc\u00ea ir\u00e1 se diferenciar e se destacar por se perceber um ser \u00fanico. <\/p>\n<p>Este projeto \u00e9 feito sob medida, conforme a sua disponibilidade.<\/p>\n<p>Atendimento: Presencial.<\/p>\n<\/div>\n<div id=\"conteudo_2\" style=\"display: none;\">\n<h2>Coaching de Imagem Pessoal<\/h2>\n<p>\u00c9 um projeto de Life e Professional Coaching, um gerenciamento pr\u00e1tico com prazo determinado,<br \/>\nque visa empoderar as pessoas por meio de suas compet\u00eancias nucleares.<br \/>\nAssessorando os clientes na solu\u00e7\u00e3o de seus objetivos pontuais atrav\u00e9s da apar\u00eancia,<br \/>\ncomportamento ou comunica\u00e7\u00e3o. <\/p>\n<p>De acordo com a sua necessidade, ser\u00e1 criado um plano de a\u00e7\u00e3o personalizado, que servir\u00e1 para<br \/>\nvoc\u00ea organizar suas ideias e realizar seus ideais e, consequentemente, otimizar o seu tempo.<\/p>\n<p>Este projeto \u00e9 feito sob medida.<\/p>\n<p>Atendimento: Presencial e on line.\n<\/p><\/div>\n<div id=\"conteudo_4\" class=\"blococonteudo\" style=\"display: none;\">\n<h2>On line<\/h2>\n<p>Todos os nossos servi\u00e7os on line, s\u00e3o personalizados conforme a sua necessidade disponibilidade de tempo e hor\u00e1rio.<br \/>\nCounselling de carreira, empreendedorismo, imagem pessoal, moda atual, compras e controles financeiros pessoais.<br \/>\nConsultoria de design e estilo.<br \/>\nConsultoria de Imagem<br \/>\nCoaching de Imagem<\/p>\n<p>Atendimento: via Skype.\n<\/p><\/div>\n<div id=\"conteudo_5\" class=\"blococonteudo\" style=\"display: none;\">\n<h3>Personal Branding para Empresas<\/h3>\n<p>Cria\u00e7\u00e3o, customiza\u00e7\u00e3o, desenvolvimento e implanta\u00e7\u00e3o de c\u00f3digos de vestir conforme  identidade da marca da empresa exige.<br \/>\nPara uma marca ser bem representada no meio, dever\u00e1 ter profissionais qualificados que transmitam a filosofia, a cultura e os benef\u00edcios dos produtos e servi\u00e7os da empresa. Al\u00e9m disso, que sejam multiplicadores para a aprecia\u00e7\u00e3o da marca, tornando-a indispens\u00e1vel.<\/p>\n<p>Este projeto \u00e9 voltado a empresas que est\u00e3o formatando ou reformulando a sua identidade e buscam reduzir o tempo de percep\u00e7\u00e3o da marca atrav\u00e9s dos seus l\u00edderes.<\/p>\n<p>Atendimento: Presencial.<\/p>\n<h3>Coaching de Imagem para L\u00edderes<\/h3>\n<p>Voltado a empresas que contratam os melhores l\u00edderes de mercado e buscam a amplia\u00e7\u00e3o de sua vantagem competitiva, a fim de que esses profissionais conven\u00e7am logo no primeiro impacto visual.<br \/>\nAnalisaremos a sua demanda e criaremos o projeto ideal para a sua empresa. <\/p>\n<p>Este projeto tem como objetivo atender aos l\u00edderes das empresas individualmente, alinhando o seu estilo pessoal a marca da empresa que representam. <\/p>\n<p>\u201cInvestir na imagem de seus l\u00edderes \u00e9 investir na escala dos seus neg\u00f3cios.\u201d Pati Oliveira.<\/p>\n<h3>Palestras e Workshops<\/h3>\n<p>Dentro do universo da Imagem pessoal, oferecemos diferentes assuntos para alcan\u00e7ar a imagem pessoal<br \/>\nideal como vantagem competitiva e ter sucesso na vida pessoal e profissional.<br \/>\nS\u00e3o palestras r\u00e1pidas, pr\u00e1ticas e divertidas. Um projeto personalizado de acordo com a sua demanda. Veja algumas:<\/p>\n<p><strong>O Valor da Imagem Pessoal x prop\u00f3sito de vida<\/strong><br \/>\nEsta palestra apresenta as vantagens competitivas de estar alinhados sobre design, moda e imagem pessoal, nos relacionamentos das empresas.<br \/>\nFormato: Workshop ou palestra<br \/>\nDura\u00e7\u00e3o: 2 a 4h.<\/p>\n<p><strong>Como representar a empresa atrav\u00e9s da sua imagem pessoal?<\/strong><br \/>\nFormato: Workshop ou palestra<br \/>\nDura\u00e7\u00e3o: 1 a 2h.<\/p>\n<\/div>\n<div id=\"conteudo_7\" class=\"blococonteudo\" style=\"display: none;\">\n<h2>Counselling<\/h2>\n<p>Counselling \u00e9 um projeto de aconselhamentos pontuais, cujo objetivo \u00e9 o de trabalhar diversos assuntos relacionados a imagem pessoal, carreira, empreendedorismo, moda, compras, finan\u00e7as pessoais entre outros.<br \/>\nVenha conversar conosco para juntos encontrarmos o melhor plano de a\u00e7\u00e3o para voc\u00ea. <\/p>\n<p>Os encontros s\u00e3o avulsos, de acordo com a sua necessidade. <\/p>\n<p>Atendimento: Presencial e on-line.<\/p>\n<\/div>\n<div id=\"conteudo_8\" class=\"blococonteudo\" style=\"display: none;\">\n<h2>Consultoria de Imagem<\/h2>\n<p>Em uma era visual, que podemos escolher como queremos se ver se ser visto, somos o resultado das experi\u00eancias que proporcionamos.<br \/>\nEste trabalho utiliza ferramentas t\u00e9cnicas internacionais de coordena\u00e7\u00e3o de visual, para harmonizar a sua imagem pessoal. <\/p>\n<p>Vamos desenvolver a sua percep\u00e7\u00e3o das cores, na sua pele, roupas, as propor\u00e7\u00f5es do seu corpo, rosto, posturas, comportamento e comunica\u00e7\u00e3o.<br \/>\nE partir dessa vis\u00e3o geral, voc\u00ea ir\u00e1 ampliar os seus conhecimentos de coordena\u00e7\u00e3o visual, que vai facilitar o seu dia a dia, ganhando tempo, economia alem de empoderamento e auto estima.<\/p>\n<p>Este projeto \u00e9 feito sob medida.<br \/>\nAtendimento: Presencial e on-line.<\/p>\n<h2>Consultoria de Design e Estilo<\/h2>\n<p>Este trabalho prop\u00f5e desenvolver a sua forma de percep\u00e7\u00e3o dos elementos do design, acessando o seu lado criativo e inovador.<br \/>\nVamos te levar para o nosso universo criativo, e partir dele, voc\u00ea ir\u00e1 ampliar os seus conhecimentos de coordena\u00e7\u00e3o visual, que vai te ajudar nas decis\u00f5es de compras de forma geral em sua vida.<\/p>\n<p>Este projeto \u00e9 feito sob medida.<br \/>\nAtendimento: Presencial e on-line.<\/p>\n<\/div>\n<\/div>\n<\/div>\n<div id=\"label\" class=\"animateblock right\">\n<div id=\"label-div\">\n<div id=\"titulo_1\">Imagem Pessoal<\/div>\n<div id=\"titulo_2\" style=\"display: none;\">Coaching de Imagem<\/div>\n<div id=\"titulo_3\" style=\"display: none;\">Personal Branding<\/div>\n<div id=\"titulo_4\" style=\"display: none;\">Online<\/div>\n<div id=\"titulo_5\" style=\"display: none;\">Empresas<\/div>\n<div id=\"titulo_7\" style=\"display: none;\">COUNSELING<\/div>\n<div id=\"titulo_8\" style=\"display: none;\">Consultorias<\/div>\n<\/div>\n<\/div>\n<\/div>\n","protected":false},"excerpt":{"rendered":"<p>Personal Branding Coaching Imagem Consultorias Counselling Empresas Online O Melhor de voc\u00ea mesmo Trabalhamos de forma Integral em nossos servi\u00e7os, utilizamos ferramentas do universo criativo do desing e a vis\u00e3o holos sist\u00eamica do Coaching e esse \u00e9 o nosso diferencial. Tendo como objetivo fazer da Imagem Pessoal uma vantagem competitiva de grande valor e impacto, [&hellip;]<\/p>\n","protected":false},"author":1,"featured_media":0,"parent":7,"menu_order":0,"comment_status":"closed","ping_status":"closed","template":"g1_template_page_full.php","meta":{"footnotes":""},"_links":{"self":[{"href":"https:\/\/studiotutzy.com.br\/index.php\/wp-json\/wp\/v2\/pages\/22"}],"collection":[{"href":"https:\/\/studiotutzy.com.br\/index.php\/wp-json\/wp\/v2\/pages"}],"about":[{"href":"https:\/\/studiotutzy.com.br\/index.php\/wp-json\/wp\/v2\/types\/page"}],"author":[{"embeddable":true,"href":"https:\/\/studiotutzy.com.br\/index.php\/wp-json\/wp\/v2\/users\/1"}],"replies":[{"embeddable":true,"href":"https:\/\/studiotutzy.com.br\/index.php\/wp-json\/wp\/v2\/comments?post=22"}],"version-history":[{"count":102,"href":"https:\/\/studiotutzy.com.br\/index.php\/wp-json\/wp\/v2\/pages\/22\/revisions"}],"predecessor-version":[{"id":852,"href":"https:\/\/studiotutzy.com.br\/index.php\/wp-json\/wp\/v2\/pages\/22\/revisions\/852"}],"up":[{"embeddable":true,"href":"https:\/\/studiotutzy.com.br\/index.php\/wp-json\/wp\/v2\/pages\/7"}],"wp:attachment":[{"href":"https:\/\/studiotutzy.com.br\/index.php\/wp-json\/wp\/v2\/media?parent=22"}],"curies":[{"name":"wp","href":"https:\/\/api.w.org\/{rel}","templated":true}]}}