{"id":24,"date":"2015-11-28T17:58:57","date_gmt":"2015-11-28T17:58:57","guid":{"rendered":"http:\/\/numclick.com.br\/studiotutzy\/?page_id=24"},"modified":"2016-02-29T23:56:03","modified_gmt":"2016-02-29T23:56:03","slug":"moda","status":"publish","type":"page","link":"https:\/\/studiotutzy.com.br\/index.php\/o-que-fazemos\/moda\/","title":{"rendered":"Moda"},"content":{"rendered":"<div class=\"prod-cont\">\n<div class=\"prod-div\">\n<div id=\"prod-item_1\" class=\"prod-item\" onclick=\"trocatexto(2); trocatitulo(2); jQuery('html, body').animate({ scrollTop: jQuery('#oquefazemos').offset().top-100 }, 1000);\">\n<div id=\"prod_item1\">Design de Cal\u00e7ados<\/div>\n<\/div>\n<\/div>\n<div class=\"prod-div\">\n<div id=\"prod-item_2\" class=\"prod-item\" onclick=\"trocatexto(3); trocatitulo(3); jQuery('html, body').animate({ scrollTop: jQuery('#oquefazemos').offset().top-100 }, 1000);\">\n<div id=\"prod_item2\">Cria\u00e7\u00e3o e Desenvolvimento de Cole\u00e7\u00e3o<\/div>\n<\/div>\n<\/div>\n<div class=\"prod-div\">\n<div id=\"prod-item_3\" class=\"prod-item\" onclick=\"trocatexto(4); trocatitulo(4); jQuery('html, body').animate({ scrollTop: jQuery('#oquefazemos').offset().top-100 }, 1000);\">\n<div id=\"prod_item3\">Planejamento Estrat\u00e9gico<\/div>\n<\/div>\n<\/div>\n<div class=\"prod-div\">\n<div id=\"prod-item_4\" class=\"prod-item\" onclick=\"trocatexto(5); trocatitulo(5); jQuery('html, body').animate({ scrollTop: jQuery('#oquefazemos').offset().top-100 }, 1000);\">\n<div id=\"prod_item4\">Consultoria em Pesquisa de Moda<\/div>\n<\/div>\n<\/div>\n<div class=\"prod-div\">\n<div id=\"prod-item_5\" class=\"prod-item\" onclick=\"trocatexto(6); trocatitulo(6); jQuery('html, body').animate({ scrollTop: jQuery('#oquefazemos').offset().top-100 }, 1000);\">\n<div id=\"prod_item5\">Palestras de Moda<\/div>\n<\/div>\n<\/div>\n<\/div>\n<div id=\"oquefazemos\"  class=\"text_fashion\">\n<div id=\"texto\" class=\"animateblock left\">\n<div id=\"texto-div\">\n<div id=\"conteudo_1\">\n<h2>MODA<\/h2>\n<p>Trabalhamos de forma integral em nossos servi\u00e7os, acompanhando todos os processos do projeto, desde a cria\u00e7\u00e3o, desenvolvimento, at\u00e9 o produto final. Somos estilistas criativas com viv\u00eancia de mercado e vis\u00e3o de neg\u00f3cios de moda.<br \/>\nFormamos equipes estrat\u00e9gicas conforme a sua necessidade, para reposicionamento de marca, cria\u00e7\u00e3o de cole\u00e7\u00f5es capsulas, conceitual ou cole\u00e7\u00f5es completas em diferentes categorias, tecidos planos a malharia, acess\u00f3rios a cria\u00e7\u00e3o de linhas para pronta entrega.<br \/>\nTemos especializa\u00e7\u00e3o em marcas pr\u00f3prias, funcionalidade de linhas de produtos, em sinergia com a inova\u00e7\u00e3o e posicionamento de mercado.<\/p>\n<p>\u201cN\u00f3s acreditamos e trabalhamos para potencializar o \u201cbranding\u201d da marca nos produtos, como ferramenta eficaz para fortalecer o relacionamento com o p\u00fablico alvo \u201d. Pati Oliveira.<\/p><\/div>\n<div id=\"conteudo_2\" style=\"display: none;\">\n<h2>DESIGN DE CAL\u00c7ADOS<\/h2>\n<p>Cria\u00e7\u00e3o de linhas de produtos para marcas pr\u00f3prias que v\u00e3o da concep\u00e7\u00e3o do tema, cria\u00e7\u00e3o dos desenhos, materiais, couros, enfeites, componentes at\u00e9 defini\u00e7\u00f5es t\u00e9cnicas em diferentes categorias.<br \/>\nAtendemos toda a ind\u00fastria e o varejo.\n\t\t\t<\/p><\/div>\n<div id=\"conteudo_3\" style=\"display: none;\">\n<h2>CRIA\u00c7\u00c3O E DESENVOLVIMENTO DE COLE\u00c7\u00c3O<\/h2>\n<p>Conceito da cole\u00e7\u00e3o, cria\u00e7\u00e3o de linhas de produtos, desenhos, cores, estampas, modelagens, ajustes, at\u00e9 a pe\u00e7a piloto.<br \/>\nSegmento: Roupas, Uniformes e Acess\u00f3rios.<br \/>\nAtendemos toda a ind\u00fastria e o varejo.\n\t\t\t<\/p><\/div>\n<div id=\"conteudo_4\" style=\"display: none;\">\n<h2>PLANEJAMENTO ESTRAT\u00c9GICO<\/h2>\n<p>Assessoria e gerenciamento do mix de produtos e moda da sua cole\u00e7\u00e3o. Para desenvolvimentos de fabricantes ou compras de lojas.<br \/>\nMontamos o mix de produtos  em harmonia ao branding da marca e a din\u00e2mica comercial de mercado.<br \/>\nSegmento: cal\u00e7ados, acess\u00f3rios e roupas.<br \/>\nAtendemos toda a ind\u00fastria e o varejo.\n\t\t\t<\/p><\/div>\n<div id=\"conteudo_5\" style=\"display: none;\">\n<h2>CONSULTORIA EM PESQUISA DE MODA<\/h2>\n<p>Detalhamento de cores, materiais, novos produtos e novos segmentos, pesquisa de tend\u00eancias nacionais e internacionais, antecipa\u00e7\u00e3o de tend\u00eancias junto a bureaus internacionais.<br \/>\nAtendemos toda a ind\u00fastria e o varejo.\n\t\t\t<\/p><\/div>\n<div id=\"conteudo_6\" style=\"display: none;\">\n<h2>PALESTRAS DE MODA<\/h2>\n<p><strong>Como pensar a moda de forma funcional ao mercado?<\/strong><br \/>\nDura\u00e7\u00e3o: 1 a 2h.<\/p>\n<p><strong>Sobre tend\u00eancias de moda e mercado para equipes internas.<\/strong><br \/>\nAtendemos toda a ind\u00fastria e o varejo.<br \/>\nDura\u00e7\u00e3o: 1 a 2h.\n\t\t\t<\/div>\n<\/p><\/div>\n<\/p><\/div>\n<div id=\"label\" class=\"animateblock right\">\n<div id=\"label-div\">\n<div id=\"titulo_1\">MODA<\/div>\n<div id=\"titulo_2\" style=\"display: none;\">Design de Cal\u00e7ados<\/div>\n<div id=\"titulo_3\" style=\"display: none;\">Cria\u00e7\u00e3o e Desenvolvimento de Cole\u00e7\u00e3o<\/div>\n<div id=\"titulo_4\" style=\"display: none;\">Consultoria no Planejamento de Cole\u00e7\u00e3o<\/div>\n<div id=\"titulo_5\" style=\"display: none;\">Consultoria em Pesquisa de Moda<\/div>\n<div id=\"titulo_6\" style=\"display: none;\">Palestras de Moda<\/div>\n<\/p><\/div>\n<\/p><\/div>\n<\/div>\n","protected":false},"excerpt":{"rendered":"<p>Design de Cal\u00e7ados Cria\u00e7\u00e3o e Desenvolvimento de Cole\u00e7\u00e3o Planejamento Estrat\u00e9gico Consultoria em Pesquisa de Moda Palestras de Moda MODA Trabalhamos de forma integral em nossos servi\u00e7os, acompanhando todos os processos do projeto, desde a cria\u00e7\u00e3o, desenvolvimento, at\u00e9 o produto final. Somos estilistas criativas com viv\u00eancia de mercado e vis\u00e3o de neg\u00f3cios de moda. Formamos equipes [&hellip;]<\/p>\n","protected":false},"author":1,"featured_media":0,"parent":7,"menu_order":0,"comment_status":"closed","ping_status":"closed","template":"","meta":{"footnotes":""},"_links":{"self":[{"href":"https:\/\/studiotutzy.com.br\/index.php\/wp-json\/wp\/v2\/pages\/24"}],"collection":[{"href":"https:\/\/studiotutzy.com.br\/index.php\/wp-json\/wp\/v2\/pages"}],"about":[{"href":"https:\/\/studiotutzy.com.br\/index.php\/wp-json\/wp\/v2\/types\/page"}],"author":[{"embeddable":true,"href":"https:\/\/studiotutzy.com.br\/index.php\/wp-json\/wp\/v2\/users\/1"}],"replies":[{"embeddable":true,"href":"https:\/\/studiotutzy.com.br\/index.php\/wp-json\/wp\/v2\/comments?post=24"}],"version-history":[{"count":29,"href":"https:\/\/studiotutzy.com.br\/index.php\/wp-json\/wp\/v2\/pages\/24\/revisions"}],"predecessor-version":[{"id":853,"href":"https:\/\/studiotutzy.com.br\/index.php\/wp-json\/wp\/v2\/pages\/24\/revisions\/853"}],"up":[{"embeddable":true,"href":"https:\/\/studiotutzy.com.br\/index.php\/wp-json\/wp\/v2\/pages\/7"}],"wp:attachment":[{"href":"https:\/\/studiotutzy.com.br\/index.php\/wp-json\/wp\/v2\/media?parent=24"}],"curies":[{"name":"wp","href":"https:\/\/api.w.org\/{rel}","templated":true}]}}