{"id":26,"date":"2015-11-28T17:59:14","date_gmt":"2015-11-28T17:59:14","guid":{"rendered":"http:\/\/numclick.com.br\/studiotutzy\/?page_id=26"},"modified":"2016-03-01T00:01:51","modified_gmt":"2016-03-01T00:01:51","slug":"calcados-exclusivos","status":"publish","type":"page","link":"https:\/\/studiotutzy.com.br\/index.php\/o-que-fazemos\/calcados-exclusivos\/","title":{"rendered":"Cal\u00e7ados Exclusivos"},"content":{"rendered":"<div id=\"menu-calcados\">\n<div class=\"bt-tipo1\" onclick=\"trocatexto(1); trocatitulo(1); jQuery('html, body').animate({ scrollTop: jQuery('#g1-content').offset().top }, 1000);\">\n<div id=\"bt-tipo1-item\">Ind\u00fastria<\/div>\n<\/div>\n<div class=\"bt-tipo2\"  onclick=\"trocatexto(2); trocatitulo(2); jQuery('html, body').animate({ scrollTop: jQuery('#g1-content').offset().top }, 1000);\">\n<div id=\"bt-tipo2-item\">Varejo<\/div>\n<\/div>\n<\/div>\n<p>&nbsp;<\/p>\n<div id=\"oquefazemos\" class=\"text_shoes\">\n<div id=\"texto\" class=\"animateblock left\">\n<div id=\"texto-div\">\n<div id=\"conteudo_1\">\n<h2>IND\u00daSTRIA CAL\u00c7ADISTA <\/h2>\n<p>Desde 2002, O Studio Tutzy B2B, conecta fabricantes de cal\u00e7ados no Brasil com os lojistas das principais marcas de moda do Brasil e na Europa, que desenvolvem cal\u00e7ados diferenciados e exclusivos de n\u00edvel internacional.<br \/>\nOferecemos o atendimento personalizado, por estilistas com experi\u00eancia internacional e vis\u00e3o de mercado. Que d\u00e3o assessoria integral nos desenvolvimentos de produtos junto ao cliente.<br \/>\nAl\u00e9m da intermedia\u00e7\u00e3o, fazemos a gest\u00e3o do produto, comercial e operacional em todo o processo.<br \/>\nDo detalhamento em ficha t\u00e9cnica, com desenho, acabamentos, ajustes de amostras pilotos, negocia\u00e7\u00e3o com cliente, at\u00e9 a entrega da mercadoria nas lojas e centros de distribui\u00e7\u00e3o dos clientes de varejo. Damos todo o suporte para o fabricante, para que os produtos de nossos clientes, se adequem a sua capacidade de produtiva.\n\t\t\t<\/p><\/div>\n<div id=\"conteudo_2\" style=\"display: none;\">\n<h2>VAREJO DE MODA<\/h2>\n<p>Desde 2002, O Studio Tutzy B2B, conecta os lojistas das principais marcas de moda do Brasil e na Europa, que desenvolvem cal\u00e7ados diferenciados e exclusivos de n\u00edvel internacional, com fabricantes de cal\u00e7ados no Brasil.<br \/>\nSomos estilistas, agentes com experi\u00eancia internacional em importa\u00e7\u00e3o e exporta\u00e7\u00e3o.<br \/>\nA sua empresa pode terceirizar os desenvolvimentos dos seus cal\u00e7ados em nossas f\u00e1bricas parceiras. Empresas exportadoras qualificadas por inspe\u00e7\u00f5es internacionais, localizadas nos principais polos cal\u00e7adistas do Brasil.<br \/>\nNos principais polos cal\u00e7adistas em diferentes categorias, conforme a sua necessidade.<br \/>\nFacilitamos, coordenamos e fazemos a gest\u00e3o operacional dos seus desenvolvimentos de cal\u00e7ados exclusivos diretamente nas f\u00e1bricas adequadas at\u00e9 a entrega da mercadoria nas lojas e centros de distribui\u00e7\u00e3o dos clientes de varejo.\n\t\t\t<\/p><\/div>\n<\/p><\/div>\n<\/p><\/div>\n<div id=\"label\"  class=\"animateblock right\">\n<div id=\"label-div\">\n<div id=\"titulo_1\">IND\u00daSTRIA<\/div>\n<div id=\"titulo_2\" style=\"display: none;\">VAREJO<\/div>\n<\/p><\/div>\n<\/p><\/div>\n<\/div>\n<div class=\"calcados-exclusivos\">\n<div class=\"ce-div\">\n<div id=\"ce-item_1\" class=\"prod-item\"><img loading=\"lazy\" decoding=\"async\" src=\"https:\/\/studiotutzy.com.br\/wp-content\/uploads\/2015\/11\/ico-calcados1.png\" alt=\"ico-calcados1\" width=\"278\" height=\"278\" class=\"alignnone size-full wp-image-189\" \/><br \/>Atendimento<\/div>\n<\/div>\n<div class=\"ce-div\">\n<div id=\"ce-item_2\" class=\"prod-item\"><img loading=\"lazy\" decoding=\"async\" src=\"https:\/\/studiotutzy.com.br\/wp-content\/uploads\/2015\/11\/ico-calcados2.png\" alt=\"ico-calcados2\" width=\"275\" height=\"275\" class=\"alignnone size-full wp-image-186\" \/><br \/>Desenvolvimento<\/div>\n<\/div>\n<div class=\"ce-div\">\n<div id=\"ce-item_3\" class=\"prod-item\"><img loading=\"lazy\" decoding=\"async\" src=\"https:\/\/studiotutzy.com.br\/wp-content\/uploads\/2015\/11\/ico-calcados3.png\" alt=\"ico-calcados3\" width=\"282\" height=\"277\" class=\"alignnone size-full wp-image-187\" \/><br \/>Aprova\u00e7\u00e3o<\/div>\n<\/div>\n<div class=\"ce-div\">\n<div id=\"ce-item_4\" class=\"prod-item\"><img loading=\"lazy\" decoding=\"async\" src=\"https:\/\/studiotutzy.com.br\/wp-content\/uploads\/2015\/11\/ico-calcados4.png\" alt=\"ico-calcados4\" width=\"283\" height=\"281\" class=\"alignnone size-full wp-image-188\" \/><br \/>Entrega Loja<\/div>\n<\/div>\n<\/div>\n","protected":false},"excerpt":{"rendered":"<p>Ind\u00fastria Varejo &nbsp; IND\u00daSTRIA CAL\u00c7ADISTA Desde 2002, O Studio Tutzy B2B, conecta fabricantes de cal\u00e7ados no Brasil com os lojistas das principais marcas de moda do Brasil e na Europa, que desenvolvem cal\u00e7ados diferenciados e exclusivos de n\u00edvel internacional. Oferecemos o atendimento personalizado, por estilistas com experi\u00eancia internacional e vis\u00e3o de mercado. Que d\u00e3o assessoria [&hellip;]<\/p>\n","protected":false},"author":1,"featured_media":0,"parent":7,"menu_order":0,"comment_status":"closed","ping_status":"closed","template":"g1_template_page_full.php","meta":{"footnotes":""},"_links":{"self":[{"href":"https:\/\/studiotutzy.com.br\/index.php\/wp-json\/wp\/v2\/pages\/26"}],"collection":[{"href":"https:\/\/studiotutzy.com.br\/index.php\/wp-json\/wp\/v2\/pages"}],"about":[{"href":"https:\/\/studiotutzy.com.br\/index.php\/wp-json\/wp\/v2\/types\/page"}],"author":[{"embeddable":true,"href":"https:\/\/studiotutzy.com.br\/index.php\/wp-json\/wp\/v2\/users\/1"}],"replies":[{"embeddable":true,"href":"https:\/\/studiotutzy.com.br\/index.php\/wp-json\/wp\/v2\/comments?post=26"}],"version-history":[{"count":43,"href":"https:\/\/studiotutzy.com.br\/index.php\/wp-json\/wp\/v2\/pages\/26\/revisions"}],"predecessor-version":[{"id":854,"href":"https:\/\/studiotutzy.com.br\/index.php\/wp-json\/wp\/v2\/pages\/26\/revisions\/854"}],"up":[{"embeddable":true,"href":"https:\/\/studiotutzy.com.br\/index.php\/wp-json\/wp\/v2\/pages\/7"}],"wp:attachment":[{"href":"https:\/\/studiotutzy.com.br\/index.php\/wp-json\/wp\/v2\/media?parent=26"}],"curies":[{"name":"wp","href":"https:\/\/api.w.org\/{rel}","templated":true}]}}