{"id":56,"date":"2015-10-06T17:33:19","date_gmt":"2015-10-06T17:33:19","guid":{"rendered":"http:\/\/numclick.com.br\/studiotutzy\/?page_id=2"},"modified":"2016-03-25T16:44:51","modified_gmt":"2016-03-25T19:44:51","slug":"home","status":"publish","type":"page","link":"https:\/\/studiotutzy.com.br\/","title":{"rendered":"Home"},"content":{"rendered":"<div class=\"chamada_home\">\n<h1 class=\"oswald\" style=\"text-align: center;font-weight: 500;\">IMAGEM PESSOAL | MODA | CAL\u00c7ADOS<\/h1>\n<p>Bem-vindo ao <strong>STUDIO TUTZY!<\/strong> Somos uma empresa multidisciplinar criativa que atua em tr\u00eas pilares estrat\u00e9gicos: imagem pessoal, estilo e moda e desenvolvimento de cal\u00e7ados exclusivos.<br \/>\n<!--\n<strong>IMAGEM PESSOAL<\/strong>\nRealizamos servi\u00e7os estrat\u00e9gicos de autoconhecimento e autodesenvolvimento pessoal atrav\u00e9s da sua imagem.\n\n<strong>ESTILO EM MODA<\/strong>\nPlanejamento estrat\u00e9gico, cria\u00e7\u00e3o e desenvolvimento de cole\u00e7\u00f5es de roupas, cal\u00e7ados e acess\u00f3rios para a ind\u00fastria e o varejo.\n\n<strong>CAL\u00c7ADOS EXCLUSIVOS<\/strong>\nTrabalhamos com as ind\u00fastrias mais renomadas no mercado para auxiliar voc\u00ea no desenvolvimento de cal\u00e7ados exclusivos. \n\n<strong>SEU SUCESSO \u00c9 O NOSSO SUCESSO<\/strong>\n\nO <strong>STUDIO TUTZY<\/strong> \u00e9 reconhecido no mercado pela sua expertise em assessorar pessoas e empresas no desenvolvimento de suas marcas pr\u00f3prias. Nossas ideias inovadoras aliadas a um planejamento estrat\u00e9gico assertivo s\u00e3o ferramentas complementares para ajudar voc\u00ea a brilhar ainda mais. \u00c9 o que nos move dia ap\u00f3s dia.\n-->\n<\/div>\n<div>\n<div class=\"galery-conteudo\">\n<div class=\"galery-conteudo-div-left\">\n<a href=\"https:\/\/studiotutzy.com.br\/index.php\/o-que-fazemos\/imagem-pessoal\"><\/p>\n<div id=\"galery-div1\"  class=\"animateblock show zoomefect105\" style=\"background: url('https:\/\/studiotutzy.com.br\/wp-content\/uploads\/2016\/01\/img1-2.png'); background-size: 100%;\">\n<div id=\"galery-img1-label\"><span>IMAGEM PESSOAL<\/span><\/br>Realizamos servi\u00e7os estrat\u00e9gicos de autoconhecimento e autodesenvolvimento pessoal atrav\u00e9s da sua imagem.<\/div>\n<\/div>\n<p><\/a>\n<\/div>\n<div class=\"galery-conteudo-div-right\">\n<div class=\"galery-filho\">\n<a href=\"https:\/\/studiotutzy.com.br\/index.php\/o-que-fazemos\/moda\"><\/p>\n<div id=\"galery-div2\" class=\"animateblock show zoomefect105\" style=\"background: url('https:\/\/studiotutzy.com.br\/wp-content\/uploads\/2016\/01\/img2-21.png'); background-size: 100%;background-position-y: -15px !important;\">\n<div id=\"galery-img2-label\"><span>ESTILO E MODA<\/span><\/br>Planejamento estrat\u00e9gico, cria\u00e7\u00e3o e desenvolvimento de cole\u00e7\u00f5es.<\/div>\n<\/div>\n<p><\/a>\n<\/div>\n<div class=\"galery-filho\">\n<a href=\"https:\/\/studiotutzy.com.br\/index.php\/o-que-fazemos\/calcados-exclusivos\"><\/p>\n<div id=\"galery-div3\" class=\"animateblock show zoomefect70\" style=\"background: url('https:\/\/studiotutzy.com.br\/wp-content\/uploads\/2016\/01\/img3-21.png');  background-size: 65%; background-repeat: no-repeat; background-position-y: -32px !important;\" >\n<div id=\"galery-img3-label\"><span>CAL\u00c7ADOS<\/span><\/br>Trabalhamos com as ind\u00fastrias mais renomadas no mercado para auxiliar voc\u00ea no desenvolvimento de cal\u00e7ados exclusivos.<\/div>\n<\/div>\n<p><\/a>\n<\/div>\n<\/div>\n<div class=\"galery-conteudo\">\n<div class=\"galery-conteudo-div-left2\">\n<div class=\"galery-filho2\">\n<a href=\"https:\/\/studiotutzy.com.br\/index.php\/acontece\"><\/p>\n<div id=\"galery-div6\" class=\"animateblock show\" style=\"background:#e0e1db; background-size: 100%;\">\n<div id=\"label-acontece\"><span>ACONTECE<\/span><\/DIV><\/div>\n<p><\/a>\n<\/div>\n<div class=\"galery-filho2\">\n<a href='https:\/\/www.facebook.com\/162586283837726\/posts\/932353060194374' target='_blank'><\/p>\n<div id=\"galery-div7\" class=\"animateblock show zoomefect105\" style=\"background: url('https:\/\/studiotutzy.com.br\/wp-content\/uploads\/2015\/12\/ong.jpg'); background-size: 100%;\">\n<div id=\"galery-img7-label\"><i class=\"fa fa-facebook\"><\/i><\/div>\n<\/div>\n<p><\/a><\/div>\n<\/div>\n<div class=\"galery-conteudo-div-right2\">\n<div>\n<a href='https:\/\/www.instagram.com\/p\/BR0YRmfhVgP\/' target='_blank'><\/p>\n<div id=\"galery-div8\" style=\"background: url('https:\/\/studiotutzy.com.br\/wp-content\/uploads\/2017\/03\/1489923754.jpg') #E10053 no-repeat; \" class=\"leftrighthome animateblock show\">\n<div id=\"galery-img8-label\"><i class=\"fa fa-instagram\"><\/i><\/div>\n<\/div>\n<p><\/a>\n<\/div>\n<\/div>\n<\/div>\n<\/div>\n","protected":false},"excerpt":{"rendered":"<p>IMAGEM PESSOAL | MODA | CAL\u00c7ADOS Bem-vindo ao STUDIO TUTZY! Somos uma empresa multidisciplinar criativa que atua em tr\u00eas pilares estrat\u00e9gicos: imagem pessoal, estilo e moda e desenvolvimento de cal\u00e7ados exclusivos. IMAGEM PESSOALRealizamos servi\u00e7os estrat\u00e9gicos de autoconhecimento e autodesenvolvimento pessoal atrav\u00e9s da sua imagem. ESTILO E MODAPlanejamento estrat\u00e9gico, cria\u00e7\u00e3o e desenvolvimento de cole\u00e7\u00f5es. CAL\u00c7ADOSTrabalhamos com [&hellip;]<\/p>\n","protected":false},"author":1,"featured_media":0,"parent":0,"menu_order":0,"comment_status":"closed","ping_status":"closed","template":"","meta":{"footnotes":""},"_links":{"self":[{"href":"https:\/\/studiotutzy.com.br\/index.php\/wp-json\/wp\/v2\/pages\/56"}],"collection":[{"href":"https:\/\/studiotutzy.com.br\/index.php\/wp-json\/wp\/v2\/pages"}],"about":[{"href":"https:\/\/studiotutzy.com.br\/index.php\/wp-json\/wp\/v2\/types\/page"}],"author":[{"embeddable":true,"href":"https:\/\/studiotutzy.com.br\/index.php\/wp-json\/wp\/v2\/users\/1"}],"replies":[{"embeddable":true,"href":"https:\/\/studiotutzy.com.br\/index.php\/wp-json\/wp\/v2\/comments?post=56"}],"version-history":[{"count":170,"href":"https:\/\/studiotutzy.com.br\/index.php\/wp-json\/wp\/v2\/pages\/56\/revisions"}],"predecessor-version":[{"id":901,"href":"https:\/\/studiotutzy.com.br\/index.php\/wp-json\/wp\/v2\/pages\/56\/revisions\/901"}],"wp:attachment":[{"href":"https:\/\/studiotutzy.com.br\/index.php\/wp-json\/wp\/v2\/media?parent=56"}],"curies":[{"name":"wp","href":"https:\/\/api.w.org\/{rel}","templated":true}]}}