{"id":57,"date":"2015-11-28T17:47:45","date_gmt":"2015-11-28T17:47:45","guid":{"rendered":"http:\/\/numclick.com.br\/studiotutzy\/?page_id=5"},"modified":"2016-02-25T00:47:00","modified_gmt":"2016-02-25T00:47:00","slug":"quem-somos","status":"publish","type":"page","link":"https:\/\/studiotutzy.com.br\/index.php\/quem-somos\/","title":{"rendered":"Quem Somos"},"content":{"rendered":"<div id=\"institucional\">\n<p><!--a name=\"div-conteudos\"><\/a--><\/p>\n<div class=\"box1 animateblock left\">\n<div class=\"box1-div\">\n<div id=\"conteudo_1\">\n<h2>CRIAR E FAZER ACONTECER<\/h2>\n<p>H\u00e1 20 anos no mercado, somos uma empresa de mente criativa com grande experi\u00eancia e conhecimento em assessorar pessoas atrav\u00e9s da sua imagem e empresas nos seus projetos de inova\u00e7\u00e3o. De maneira transparente, com qualidade e agilidade.<\/p>\n<p>Para que nossos clientes ofere\u00e7am a melhor experi\u00eancia da sua marca e atinjam o reconhecimento no mercado, trabalhamos em total parceria na realiza\u00e7\u00e3o e execu\u00e7\u00e3o dos projetos.<\/p>\n<p>Com nossas solu\u00e7\u00f5es objetivas e nosso trabalho estrat\u00e9gico de branding, iremos potencializar e fortalecer a sua imagem pessoal e sua marca, desde o design at\u00e9 o produto.<\/p>\n<p>Em poucas palavras, ajudamos voc\u00ea a ser o melhor de voc\u00ea mesmo!\n<\/p><\/div>\n<div id=\"conteudo_2\">\n<h5><strong>MISS\u00c3O<\/strong><\/h5>\n<p>Nossa miss\u00e3o \u00e9 despertar e destacar as potencialidades das pessoas e de marcas, atrav\u00e9s da cria\u00e7\u00e3o de projetos inovadores e exclusivos. Fazendo acontecer as ideias e ideais de nossos clientes.<\/p>\n<\/div>\n<div id=\"conteudo_3\">\n<h5><strong>VIS\u00c3O<\/strong><\/h5>\n<p>O nosso principal desejo \u00e9 que o mundo da ind\u00fastria, as empresas e as pessoas envolvidas estejam em total sinergia, e que atendam as necessidades de todos de forma sustent\u00e1vel para toda a cadeia produtiva. Assim, ser refer\u00eancia em solucionar a demanda de nossos clientes de maneira eficaz, \u00e1gil e assertiva.\t<\/p>\n<\/div>\n<div id=\"conteudo_4\">\n<h5><strong>VALORES<\/strong><\/h5>\n<p>\u00c9tica<br \/>\nTranspar\u00eancia<br \/>\nInova\u00e7\u00e3o<br \/>\nComprometimento<br \/>\nEsp\u00edrito servidor e prestativo<br \/>\nPaix\u00e3o em transformar<\/p>\n<\/div>\n<p><!--<a href=\"#div-conteudos\" onclick=\"trocatexto(2)\">MISS\u00c3O<\/a>\n<a href=\"#div-conteudos\" onclick=\"trocatexto(3)\">VIS\u00c3O<\/a>\n<a href=\"#div-conteudos\" onclick=\"trocatexto(4)\">VALORES<\/a>--><\/p>\n<\/div>\n<\/div>\n<div class=\"box2 animateblock right\">\n<div class=\"box2-div\">\n<div id=\"quemsomos-1\" style=\"background: url('https:\/\/studiotutzy.com.br\/wp-content\/uploads\/2015\/12\/studio_tutzy_Final-1-1.png') no-repeat; background-size: 100%;\"><\/div>\n<\/div>\n<\/div>\n<\/div>\n<div id=\"historia\">\n<div class=\"historia-foto animateblock left\">\n<h2><a href=\"https:\/\/studiotutzy.com.br\/wp-content\/uploads\/2015\/11\/perfil_patricia.jpg\"><img loading=\"lazy\" decoding=\"async\" class=\"alignnone wp-image-53\" src=\"https:\/\/studiotutzy.com.br\/wp-content\/uploads\/2015\/11\/perfil_patricia.jpg\" alt=\"perfil_patricia\" width=\"331\" height=\"352\" \/><\/a><\/h2>\n<\/div>\n<div class=\"historia-texto animateblock right\">\n<div class=\"historia-texto-div\">\n<h2>Criadora do Studio Tutzy<\/h2>\n<p><strong>Patr\u00edcia Oliveira, italo-brasileira<\/strong>, graduada em Desenho de Moda com especializa\u00e7\u00e3o em Life Coaching, Coaching de Imagem, Novos Neg\u00f3cios e Empreendedorismo, acumula 20 anos de experi\u00eancia s\u00f3lida na \u00e1rea. Entre suas principais qualifica\u00e7\u00f5es destacam-se a Faculdade Santa Marcelina, London Image Institute, Instituto Holos e Faculdade Get\u00falio Vargas. \u00c9 estilista, coach, empreendedora, fot\u00f3grafa por hobby e apaixonada por coordena\u00e7\u00e3o visual e pessoas. Foi aos 17 anos, na f\u00e1brica de roupas da fam\u00edlia, que iniciou sua carreira no mundo da moda, criando e desenhando roupas, depois cal\u00e7ados e cole\u00e7\u00f5es completas, com resultados expressivos no faturamento da empresa.<\/p>\n<p>Em paralelo, durante 9 anos, atuou como produtora, stylist, e coordenadora em editoriais de moda do n\u00facleo de revistas da Folha de SP, onde conheceu o mercado de varejo consumidor do Brasil. Especializou-se em cria\u00e7\u00e3o e desenvolvimento de produtos voltados a marcas pr\u00f3prias. Atendendo grandes f\u00e1bricas de roupas e cal\u00e7ados, redes de magazines, clientes de varejo a clientes de Alta Moda no Brasil e na Europa. <\/p>\n<p>\u00c0 frente do <strong>STUDIO TUTZY<\/strong> desde 2002, quando criou a empresa, seu olhar criativo somado ao trabalho estrat\u00e9gico com marcas de empresa, despertou a paix\u00e3o em desenvolver pessoas atrav\u00e9s de imagem pessoal. Atua tamb\u00e9m como volunt\u00e1ria, levando os valores da imagem pessoal e a moda \u00e0 comunidades locais. Ministra palestras, workshops em empresas e grupos, sobre a import\u00e2ncia da marca pessoal e seu prop\u00f3sito de vida, por todo o pa\u00eds. <\/p>\n<\/div>\n<\/div>\n<\/div>\n","protected":false},"excerpt":{"rendered":"<p>CRIAR E FAZER ACONTECER H\u00e1 20 anos no mercado, somos uma empresa de mente criativa com grande experi\u00eancia e conhecimento em assessorar pessoas atrav\u00e9s da sua imagem e empresas nos seus projetos de inova\u00e7\u00e3o. De maneira transparente, com qualidade e agilidade. Para que nossos clientes ofere\u00e7am a melhor experi\u00eancia da sua marca e atinjam o [&hellip;]<\/p>\n","protected":false},"author":1,"featured_media":0,"parent":0,"menu_order":0,"comment_status":"closed","ping_status":"closed","template":"g1_template_page_full.php","meta":{"footnotes":""},"_links":{"self":[{"href":"https:\/\/studiotutzy.com.br\/index.php\/wp-json\/wp\/v2\/pages\/57"}],"collection":[{"href":"https:\/\/studiotutzy.com.br\/index.php\/wp-json\/wp\/v2\/pages"}],"about":[{"href":"https:\/\/studiotutzy.com.br\/index.php\/wp-json\/wp\/v2\/types\/page"}],"author":[{"embeddable":true,"href":"https:\/\/studiotutzy.com.br\/index.php\/wp-json\/wp\/v2\/users\/1"}],"replies":[{"embeddable":true,"href":"https:\/\/studiotutzy.com.br\/index.php\/wp-json\/wp\/v2\/comments?post=57"}],"version-history":[{"count":44,"href":"https:\/\/studiotutzy.com.br\/index.php\/wp-json\/wp\/v2\/pages\/57\/revisions"}],"predecessor-version":[{"id":844,"href":"https:\/\/studiotutzy.com.br\/index.php\/wp-json\/wp\/v2\/pages\/57\/revisions\/844"}],"wp:attachment":[{"href":"https:\/\/studiotutzy.com.br\/index.php\/wp-json\/wp\/v2\/media?parent=57"}],"curies":[{"name":"wp","href":"https:\/\/api.w.org\/{rel}","templated":true}]}}